{"id":9680,"date":"2026-04-02T15:13:28","date_gmt":"2026-04-02T12:13:28","guid":{"rendered":"https:\/\/primarycare.sa\/?page_id=9680"},"modified":"2026-04-02T15:18:25","modified_gmt":"2026-04-02T12:18:25","slug":"vision-2","status":"publish","type":"page","link":"https:\/\/primarycare.sa\/en\/vision-2\/","title":{"rendered":"Vision"},"content":{"rendered":"\t\t<div data-elementor-type=\"wp-page\" data-elementor-id=\"9680\" class=\"elementor elementor-9680\">\n\t\t\t\t<div class=\"elementor-element elementor-element-254273c e-flex e-con-boxed e-con e-parent\" data-id=\"254273c\" data-element_type=\"container\" data-e-type=\"container\">\n\t\t\t\t\t<div class=\"e-con-inner\">\n\t\t\t\t<div class=\"elementor-element elementor-element-2375c52 elementor-widget elementor-widget-image\" data-id=\"2375c52\" data-element_type=\"widget\" data-e-type=\"widget\" data-widget_type=\"image.default\">\n\t\t\t\t\t\t\t\t\t\t\t\t\t\t\t<img fetchpriority=\"high\" decoding=\"async\" width=\"735\" height=\"525\" src=\"https:\/\/primarycare.sa\/wp-content\/uploads\/2026\/04\/Ha-mais-de-15-milhoes-de-portugueses-sem-medico-de-familia.jpg\" class=\"attachment-full size-full wp-image-9681\" alt=\"h\u00e1 mais de 1,5 milh\u00f5es de portugueses sem m\u00e9dico de fam\u00edlia\" srcset=\"https:\/\/primarycare.sa\/wp-content\/uploads\/2026\/04\/Ha-mais-de-15-milhoes-de-portugueses-sem-medico-de-familia.jpg 735w, https:\/\/primarycare.sa\/wp-content\/uploads\/2026\/04\/Ha-mais-de-15-milhoes-de-portugueses-sem-medico-de-familia-300x214.jpg 300w, https:\/\/primarycare.sa\/wp-content\/uploads\/2026\/04\/Ha-mais-de-15-milhoes-de-portugueses-sem-medico-de-familia-600x429.jpg 600w\" sizes=\"(max-width: 735px) 100vw, 735px\" title=\"Vision\">\t\t\t\t\t\t\t\t\t\t\t\t\t\t\t<\/div>\n\t\t\t\t\t<\/div>\n\t\t\t\t<\/div>\n\t\t<div class=\"elementor-element elementor-element-60e886b e-flex e-con-boxed e-con e-parent\" data-id=\"60e886b\" data-element_type=\"container\" data-e-type=\"container\">\n\t\t\t\t\t<div class=\"e-con-inner\">\n\t\t\t\t<div class=\"elementor-element elementor-element-19a8ecc elementor-widget elementor-widget-heading\" data-id=\"19a8ecc\" data-element_type=\"widget\" data-e-type=\"widget\" data-widget_type=\"heading.default\">\n\t\t\t\t\t<h2 class=\"elementor-heading-title elementor-size-default\">Vision<\/h2>\t\t\t\t<\/div>\n\t\t\t\t\t<\/div>\n\t\t\t\t<\/div>\n\t\t<div class=\"elementor-element elementor-element-4e75a48 e-flex e-con-boxed e-con e-parent\" data-id=\"4e75a48\" data-element_type=\"container\" data-e-type=\"container\">\n\t\t\t\t\t<div class=\"e-con-inner\">\n\t\t\t\t<div class=\"elementor-element elementor-element-bc71594 elementor-widget elementor-widget-text-editor\" data-id=\"bc71594\" data-element_type=\"widget\" data-e-type=\"widget\" data-widget_type=\"text-editor.default\">\n\t\t\t\t\t\t\t\t\t<p>To be the leading primary healthcare provider in Saudi Arabia, setting the benchmark for excellence in patient-centered care. We are committed to delivering accessible, high-quality medical services that reflect the values, traditions, and cultural identity of the Saudi community. Through continuous innovation, advanced medical practices, and a compassionate approach, we strive to enhance the well-being of every patient we serve. Our vision is to build a trusted healthcare experience rooted in integrity, respect, and a deep understanding of our society, while contributing to the Kingdom\u2019s vision for a healthier and more sustainable future.<\/p>\t\t\t\t\t\t\t\t<\/div>\n\t\t\t\t\t<\/div>\n\t\t\t\t<\/div>\n\t\t\t\t<\/div>\n\t\t","protected":false},"excerpt":{"rendered":"<p>Vision To be the leading primary healthcare provider in Saudi Arabia, setting the benchmark for excellence in patient-centered care. We are committed to delivering accessible, high-quality medical services that reflect&#8230;<\/p>\n","protected":false},"author":7,"featured_media":0,"parent":0,"menu_order":6,"comment_status":"closed","ping_status":"closed","template":"","meta":{"_uag_custom_page_level_css":"","footnotes":""},"class_list":["post-9680","page","type-page","status-publish","hentry"],"uagb_featured_image_src":{"full":false,"thumbnail":false,"medium":false,"large":false,"us_350_350_crop":false,"us_600_600_crop":false,"us_600_0":false,"us_600_400_crop":false},"uagb_author_info":{"display_name":"Abdulrahman Ibnaof","author_link":"https:\/\/primarycare.sa\/en\/author\/abdulrahman\/"},"uagb_comment_info":0,"uagb_excerpt":"Vision To be the leading primary healthcare provider in Saudi Arabia, setting the benchmark for excellence in patient-centered care. We are committed to delivering accessible, high-quality medical services that reflect...","post_mailing_queue_ids":[],"_links":{"self":[{"href":"https:\/\/primarycare.sa\/en\/wp-json\/wp\/v2\/pages\/9680","targetHints":{"allow":["GET"]}}],"collection":[{"href":"https:\/\/primarycare.sa\/en\/wp-json\/wp\/v2\/pages"}],"about":[{"href":"https:\/\/primarycare.sa\/en\/wp-json\/wp\/v2\/types\/page"}],"author":[{"embeddable":true,"href":"https:\/\/primarycare.sa\/en\/wp-json\/wp\/v2\/users\/7"}],"replies":[{"embeddable":true,"href":"https:\/\/primarycare.sa\/en\/wp-json\/wp\/v2\/comments?post=9680"}],"version-history":[{"count":6,"href":"https:\/\/primarycare.sa\/en\/wp-json\/wp\/v2\/pages\/9680\/revisions"}],"predecessor-version":[{"id":9692,"href":"https:\/\/primarycare.sa\/en\/wp-json\/wp\/v2\/pages\/9680\/revisions\/9692"}],"wp:attachment":[{"href":"https:\/\/primarycare.sa\/en\/wp-json\/wp\/v2\/media?parent=9680"}],"curies":[{"name":"wp","href":"https:\/\/api.w.org\/{rel}","templated":true}]}}